{"id":3328,"date":"2024-10-25T23:27:25","date_gmt":"2024-10-25T23:27:25","guid":{"rendered":"https:\/\/capitalendeavorgroup.com\/?page_id=3328"},"modified":"2024-11-27T14:32:35","modified_gmt":"2024-11-27T18:32:35","slug":"consulting-types-summary","status":"publish","type":"page","link":"https:\/\/capitalendeavorgroup.com\/fr\/consulting-types-summary\/","title":{"rendered":"Types de Consulting"},"content":{"rendered":"<div data-elementor-type=\"wp-page\" data-elementor-id=\"3328\" class=\"elementor elementor-3328\" data-elementor-post-type=\"page\">\n\t\t\t\t<div class=\"elementor-element elementor-element-60e0885 e-con-full e-flex e-con e-parent\" data-id=\"60e0885\" data-element_type=\"container\" data-e-type=\"container\">\n\t\t<div class=\"elementor-element elementor-element-a82e82b e-con-full e-flex e-con e-child\" data-id=\"a82e82b\" data-element_type=\"container\" data-e-type=\"container\">\n\t\t<div class=\"elementor-element elementor-element-58c4bb9 e-con-full e-flex e-con e-child\" data-id=\"58c4bb9\" data-element_type=\"container\" data-e-type=\"container\">\n\t\t\t\t<div class=\"elementor-element elementor-element-1c8b4b3 elementor-widget__width-inherit elementor-hidden-mobile elementor-widget elementor-widget-elementskit-heading\" data-id=\"1c8b4b3\" data-element_type=\"widget\" data-e-type=\"widget\" data-widget_type=\"elementskit-heading.default\">\n\t\t\t\t<div class=\"elementor-widget-container\">\n\t\t\t\t\t<div class=\"ekit-wid-con\" ><div class=\"ekit-heading elementskit-section-title-wraper text_left   ekit_heading_tablet-   ekit_heading_mobile-\"><h1 class=\"ekit-heading--title elementskit-section-title  ekit-heading__title-has-border start\">R\u00e9sum\u00e9 des Types de Consulting<\/h1><\/div><\/div>\t\t\t\t<\/div>\n\t\t\t\t<\/div>\n\t\t\t\t<div class=\"elementor-element elementor-element-829febb elementor-widget__width-inherit elementor-widget-mobile__width-initial elementor-hidden-desktop elementor-hidden-laptop elementor-hidden-tablet elementor-widget elementor-widget-elementskit-heading\" data-id=\"829febb\" data-element_type=\"widget\" data-e-type=\"widget\" data-widget_type=\"elementskit-heading.default\">\n\t\t\t\t<div class=\"elementor-widget-container\">\n\t\t\t\t\t<div class=\"ekit-wid-con\" ><div class=\"ekit-heading elementskit-section-title-wraper text_left   ekit_heading_tablet-   ekit_heading_mobile-\"><h1 class=\"ekit-heading--title elementskit-section-title\">R\u00e9sum\u00e9 des Types de Consulting<\/h1><\/div><\/div>\t\t\t\t<\/div>\n\t\t\t\t<\/div>\n\t\t\t\t<\/div>\n\t\t\t\t<\/div>\n\t\t<div class=\"elementor-element elementor-element-03467c0 e-con-full e-flex e-con e-child\" data-id=\"03467c0\" data-element_type=\"container\" data-e-type=\"container\">\n\t\t\t\t<div class=\"elementor-element elementor-element-c7b840d elementor-widget__width-initial elementor-widget-laptop__width-inherit elementor-widget elementor-widget-text-editor\" data-id=\"c7b840d\" data-element_type=\"widget\" data-e-type=\"widget\" data-widget_type=\"text-editor.default\">\n\t\t\t\t<div class=\"elementor-widget-container\">\n\t\t\t\t\t\t\t\t\t<p>Les fronti\u00e8res entre les types de consulting peuvent souvent se brouiller, comme dans le cas du consulting en gestion des affaires et du conseil en gestion comme telle, ce qui rend leurs contrastes moins prononc\u00e9s. <span style=\"color: #ffffff;\"><strong><span style=\"text-decoration: underline;\"><a style=\"color: #ffffff; text-decoration: underline;\" href=\"https:\/\/capitalendeavorgroup.com\/fr\/consulting-cross-overs\/\">Les Croisements de Consulting<\/a><\/span> <\/strong><\/span>en lumi\u00e8re la puissance de la collaboration entre diff\u00e9rents domaines, fusionnant les connaissances pour g\u00e9n\u00e9rer des solutions innovantes. Elles repr\u00e9sentent la convergence de diverses disciplines de consulting, o\u00f9 les outils et les objectifs sont partag\u00e9s pour un impact plus grand.<\/p><p>En revanche, <span style=\"color: #ffffff;\"><strong><span style=\"text-decoration: underline;\"><a style=\"color: #ffffff; text-decoration: underline;\" href=\"https:\/\/capitalendeavorgroup.com\/fr\/consulting-nuances\/\">Nuances du Consulting<\/a><\/span><\/strong><\/span> soulignent l'art de la personnalisation, montrant qu'une approche standardis\u00e9e ne permet souvent pas d'atteindre des r\u00e9sultats efficaces. Ces nuances repr\u00e9sentent les distinctions subtiles qui rendent chaque discipline de consulting unique, m\u00eame au sein de similitudes, garantissant que les solutions sont pr\u00e9cis\u00e9ment adapt\u00e9es aux contextes sp\u00e9cifiques.<\/p><p>Voici quelques exemples de croisement entre le Consulting en Gestion d\u2019Entreprise, le Coaching en Gestion Ex\u00e9cutive, et le Consulting en Gestion de Capital-Investissement, ainsi que des exemples de nuances entre la Gestion de Capital-Investissement et d'autres types de consultings et de gestion.<\/p>\t\t\t\t\t\t\t\t<\/div>\n\t\t\t\t<\/div>\n\t\t\t\t<\/div>\n\t\t<div class=\"elementor-element elementor-element-4333b5b e-con-full e-flex e-con e-child\" data-id=\"4333b5b\" data-element_type=\"container\" data-e-type=\"container\">\n\t\t<div class=\"elementor-element elementor-element-d095971 e-con-full e-flex e-con e-child\" data-id=\"d095971\" data-element_type=\"container\" data-e-type=\"container\">\n\t\t<div class=\"elementor-element elementor-element-bd24689 e-con-full e-flex e-con e-child\" data-id=\"bd24689\" data-element_type=\"container\" data-e-type=\"container\">\n\t\t\t\t<div class=\"elementor-element elementor-element-3f30da3 elementor-widget elementor-widget-elementskit-heading\" data-id=\"3f30da3\" data-element_type=\"widget\" data-e-type=\"widget\" data-widget_type=\"elementskit-heading.default\">\n\t\t\t\t<div class=\"elementor-widget-container\">\n\t\t\t\t\t<div class=\"ekit-wid-con\" ><div class=\"ekit-heading elementskit-section-title-wraper text_left   ekit_heading_tablet-   ekit_heading_mobile-\"><h1 class=\"ekit-heading--title elementskit-section-title\">Croisements<\/h1><div class=\"ekit_heading_separetor_wraper ekit_heading_elementskit-border-divider elementskit-style-long\"><div class=\"elementskit-border-divider elementskit-style-long\"><\/div><\/div><\/div><\/div>\t\t\t\t<\/div>\n\t\t\t\t<\/div>\n\t\t\t\t<\/div>\n\t\t\t\t<\/div>\n\t\t<div class=\"elementor-element elementor-element-63a41f7 e-con-full e-flex e-con e-child\" data-id=\"63a41f7\" data-element_type=\"container\" data-e-type=\"container\">\n\t\t<div class=\"elementor-element elementor-element-3891593 e-con-full e-flex e-con e-child\" data-id=\"3891593\" data-element_type=\"container\" data-e-type=\"container\" data-settings=\"{&quot;background_background&quot;:&quot;classic&quot;}\">\n\t\t\t\t<div class=\"elementor-element elementor-element-c92af52 elementor-widget elementor-widget-text-editor\" data-id=\"c92af52\" data-element_type=\"widget\" data-e-type=\"widget\" data-widget_type=\"text-editor.default\">\n\t\t\t\t<div class=\"elementor-widget-container\">\n\t\t\t\t\t\t\t\t\t<p><strong>Focus<\/strong>: Les trois types de consulting am\u00e9liorent la performance organisationnelle. Le premier se concentre sur l'optimisation des op\u00e9rations et la mise en \u0153uvre de strat\u00e9gies commerciales efficaces; le second renforce les comp\u00e9tences en leadership et la r\u00e9silience pour accro\u00eetre l'influence ex\u00e9cutive; le troisi\u00e8me maximise la valeur du portefeuille gr\u00e2ce \u00e0 un alignement op\u00e9rationnel et financier pour parvenir \u00e0 des sorties rentables.<\/p>\t\t\t\t\t\t\t\t<\/div>\n\t\t\t\t<\/div>\n\t\t\t\t<\/div>\n\t\t<div class=\"elementor-element elementor-element-612db32 e-con-full e-flex e-con e-child\" data-id=\"612db32\" data-element_type=\"container\" data-e-type=\"container\" data-settings=\"{&quot;background_background&quot;:&quot;classic&quot;}\">\n\t\t\t\t<div class=\"elementor-element elementor-element-dc2b9ae elementor-widget elementor-widget-text-editor\" data-id=\"dc2b9ae\" data-element_type=\"widget\" data-e-type=\"widget\" data-widget_type=\"text-editor.default\">\n\t\t\t\t<div class=\"elementor-widget-container\">\n\t\t\t\t\t\t\t\t\t<p><strong>Niveau d'engagement<\/strong>: Chaque type met l'accent sur une planification bas\u00e9e sur les donn\u00e9es. Le premier implique un soutien pratique et inter-d\u00e9partemental pour mettre en \u0153uvre des am\u00e9liorations de la performance; le second propose des s\u00e9ances de coaching personnalis\u00e9es pour d\u00e9velopper les capacit\u00e9s de leadership; le troisi\u00e8me travaille avec les entreprises et les investisseurs pour aligner les strat\u00e9gies op\u00e9rationnelles et la cr\u00e9ation de valeur.<\/p>\t\t\t\t\t\t\t\t<\/div>\n\t\t\t\t<\/div>\n\t\t\t\t<\/div>\n\t\t<div class=\"elementor-element elementor-element-94e3b45 e-con-full e-flex e-con e-child\" data-id=\"94e3b45\" data-element_type=\"container\" data-e-type=\"container\" data-settings=\"{&quot;background_background&quot;:&quot;classic&quot;}\">\n\t\t\t\t<div class=\"elementor-element elementor-element-c940090 elementor-widget elementor-widget-text-editor\" data-id=\"c940090\" data-element_type=\"widget\" data-e-type=\"widget\" data-widget_type=\"text-editor.default\">\n\t\t\t\t<div class=\"elementor-widget-container\">\n\t\t\t\t\t\t\t\t\t<p><strong>Public cible<\/strong>: Le premier s'adresse aux organisations cherchant \u00e0 am\u00e9liorer leur efficacit\u00e9 op\u00e9rationnelle et leur croissance, des petites entreprises aux grandes entreprises; le second cible les dirigeants, les cadres sup\u00e9rieurs et les personnes fortun\u00e9es cherchant \u00e0 d\u00e9velopper leur d\u00e9veloppement personnel et leur excellence en leadership; le troisi\u00e8me est con\u00e7u pour les investisseurs, tant individuels qu'institutionnels, cherchant \u00e0 am\u00e9liorer la performance.<\/p>\t\t\t\t\t\t\t\t<\/div>\n\t\t\t\t<\/div>\n\t\t\t\t<\/div>\n\t\t\t\t<\/div>\n\t\t\t\t<\/div>\n\t\t<div class=\"elementor-element elementor-element-7667006 e-con-full e-flex e-con e-child\" data-id=\"7667006\" data-element_type=\"container\" data-e-type=\"container\">\n\t\t<div class=\"elementor-element elementor-element-99609ef e-con-full e-flex e-con e-child\" data-id=\"99609ef\" data-element_type=\"container\" data-e-type=\"container\">\n\t\t<div class=\"elementor-element elementor-element-3f2acf7 e-con-full e-flex e-con e-child\" data-id=\"3f2acf7\" data-element_type=\"container\" data-e-type=\"container\">\n\t\t\t\t<div class=\"elementor-element elementor-element-1f9a400 elementor-widget elementor-widget-elementskit-heading\" data-id=\"1f9a400\" data-element_type=\"widget\" data-e-type=\"widget\" data-widget_type=\"elementskit-heading.default\">\n\t\t\t\t<div class=\"elementor-widget-container\">\n\t\t\t\t\t<div class=\"ekit-wid-con\" ><div class=\"ekit-heading elementskit-section-title-wraper text_left   ekit_heading_tablet-   ekit_heading_mobile-\"><h1 class=\"ekit-heading--title elementskit-section-title\">Nuances<\/h1><div class=\"ekit_heading_separetor_wraper ekit_heading_elementskit-border-divider elementskit-style-long\"><div class=\"elementskit-border-divider elementskit-style-long\"><\/div><\/div><\/div><\/div>\t\t\t\t<\/div>\n\t\t\t\t<\/div>\n\t\t\t\t<\/div>\n\t\t\t\t<\/div>\n\t\t<div class=\"elementor-element elementor-element-8669a70 e-con-full e-flex e-con e-child\" data-id=\"8669a70\" data-element_type=\"container\" data-e-type=\"container\">\n\t\t\t\t<div class=\"elementor-element elementor-element-4b3480a elementor-widget-laptop__width-inherit elementor-widget elementor-widget-text-editor\" data-id=\"4b3480a\" data-element_type=\"widget\" data-e-type=\"widget\" data-widget_type=\"text-editor.default\">\n\t\t\t\t<div class=\"elementor-widget-container\">\n\t\t\t\t\t\t\t\t\t<ul>\n \t<li>Les consultants en gestion d'affaires offrent g\u00e9n\u00e9ralement des conseils strat\u00e9giques et des recommandations sans prendre en charge ou contr\u00f4ler les op\u00e9rations commerciales. En revanche, le Consulting en Gestion de Capital-Investissement se concentre directement sur l'am\u00e9lioration de la valeur des portefeuilles et des entreprises par une implication pratique, y compris la prise de contr\u00f4le et la mise en \u0153uvre de changements op\u00e9rationnels.<\/li><\/p>\n \t<li>Le Consulting en Gestion de Capital-Investissement investit activement et g\u00e8re des entreprises pour stimuler la croissance et la rentabilit\u00e9. En revanche, le conseil financier, contrairement aux cabinets de conseil en gestion, se concentre sur l'offre de conseils sur les finances personnelles ou d'entreprise, tels que les strat\u00e9gies d'investissement et la planification patrimoniale, sans g\u00e9rer ou contr\u00f4ler directement les entreprises.<\/li><\/p>\n \t<li>Les gestionnaires de fonds se concentrent sur la gestion des investissements \u00e0 court terme et de la liquidit\u00e9, tandis que la gestion de patrimoine se concentre sur la pr\u00e9servation et la croissance de la richesse individuelle ou familiale gr\u00e2ce \u00e0 des investissements diversifi\u00e9s et \u00e0 une planification. En revanche, les consultants en gestion de capital-investissement cherchent \u00e0 d\u00e9velopper et \u00e0 optimiser les entreprises en influen\u00e7ant directement leurs op\u00e9rations gr\u00e2ce \u00e0 l'intelligence d'affaires et \u00e0 la surveillance des portefeuilles de fonds priv\u00e9s.<\/li>\n<\/ul>\t\t\t\t\t\t\t\t<\/div>\n\t\t\t\t<\/div>\n\t\t\t\t<\/div>\n\t\t\t\t<\/div>\n\t\t\t\t<\/div>\n\t\t\t\t<\/div>","protected":false},"excerpt":{"rendered":"<p>Consulting types summary Consulting types summary The lines between consulting types can often blur, such as in business and management consulting, making their contrasts less pronounced. Consulting Cross-overs showcase the power of collaboration across fields, merging insights to drive innovative solutions. They represent the convergence of different consulting disciplines, where tools and objectives are shared [&hellip;]<\/p>","protected":false},"author":1,"featured_media":0,"parent":0,"menu_order":0,"comment_status":"closed","ping_status":"closed","template":"","meta":{"footnotes":""},"class_list":["post-3328","page","type-page","status-publish","hentry"],"blocksy_meta":[],"yoast_head":"<!-- This site is optimized with the Yoast SEO plugin v27.4 - https:\/\/yoast.com\/product\/yoast-seo-wordpress\/ -->\n<title>CAPITAL ENDEAVOR - Consulting Types Summary<\/title>\n<meta name=\"robots\" content=\"index, follow, max-snippet:-1, max-image-preview:large, max-video-preview:-1\" \/>\n<link rel=\"canonical\" href=\"https:\/\/capitalendeavorgroup.com\/fr\/consulting-types-summary\/\" \/>\n<meta property=\"og:locale\" content=\"fr_FR\" \/>\n<meta property=\"og:type\" content=\"article\" \/>\n<meta property=\"og:title\" content=\"CAPITAL ENDEAVOR - Consulting Types Summary\" \/>\n<meta property=\"og:description\" content=\"Consulting types summary Consulting types summary The lines between consulting types can often blur, such as in business and management consulting, making their contrasts less pronounced. Consulting Cross-overs showcase the power of collaboration across fields, merging insights to drive innovative solutions. They represent the convergence of different consulting disciplines, where tools and objectives are shared [&hellip;]\" \/>\n<meta property=\"og:url\" content=\"https:\/\/capitalendeavorgroup.com\/fr\/consulting-types-summary\/\" \/>\n<meta property=\"article:modified_time\" content=\"2024-11-27T18:32:35+00:00\" \/>\n<meta name=\"twitter:card\" content=\"summary_large_image\" \/>\n<meta name=\"twitter:label1\" content=\"Dur\u00e9e de lecture estim\u00e9e\" \/>\n\t<meta name=\"twitter:data1\" content=\"2 minutes\" \/>\n<script type=\"application\/ld+json\" class=\"yoast-schema-graph\">{\"@context\":\"https:\\\/\\\/schema.org\",\"@graph\":[{\"@type\":\"WebPage\",\"@id\":\"https:\\\/\\\/capitalendeavorgroup.com\\\/consulting-types-summary\\\/\",\"url\":\"https:\\\/\\\/capitalendeavorgroup.com\\\/consulting-types-summary\\\/\",\"name\":\"CAPITAL ENDEAVOR - Consulting Types Summary\",\"isPartOf\":{\"@id\":\"https:\\\/\\\/capitalendeavorgroup.com\\\/#website\"},\"datePublished\":\"2024-10-25T23:27:25+00:00\",\"dateModified\":\"2024-11-27T18:32:35+00:00\",\"breadcrumb\":{\"@id\":\"https:\\\/\\\/capitalendeavorgroup.com\\\/consulting-types-summary\\\/#breadcrumb\"},\"inLanguage\":\"fr-FR\",\"potentialAction\":[{\"@type\":\"ReadAction\",\"target\":[\"https:\\\/\\\/capitalendeavorgroup.com\\\/consulting-types-summary\\\/\"]}]},{\"@type\":\"BreadcrumbList\",\"@id\":\"https:\\\/\\\/capitalendeavorgroup.com\\\/consulting-types-summary\\\/#breadcrumb\",\"itemListElement\":[{\"@type\":\"ListItem\",\"position\":1,\"name\":\"Home\",\"item\":\"https:\\\/\\\/capitalendeavorgroup.com\\\/\"},{\"@type\":\"ListItem\",\"position\":2,\"name\":\"Consulting Types Summary\"}]},{\"@type\":\"WebSite\",\"@id\":\"https:\\\/\\\/capitalendeavorgroup.com\\\/#website\",\"url\":\"https:\\\/\\\/capitalendeavorgroup.com\\\/\",\"name\":\"\",\"description\":\"\",\"potentialAction\":[{\"@type\":\"SearchAction\",\"target\":{\"@type\":\"EntryPoint\",\"urlTemplate\":\"https:\\\/\\\/capitalendeavorgroup.com\\\/?s={search_term_string}\"},\"query-input\":{\"@type\":\"PropertyValueSpecification\",\"valueRequired\":true,\"valueName\":\"search_term_string\"}}],\"inLanguage\":\"fr-FR\"}]}<\/script>\n<!-- \/ Yoast SEO plugin. -->","yoast_head_json":{"title":"CAPITAL ENDEAVOR - Consulting Types Summary","robots":{"index":"index","follow":"follow","max-snippet":"max-snippet:-1","max-image-preview":"max-image-preview:large","max-video-preview":"max-video-preview:-1"},"canonical":"https:\/\/capitalendeavorgroup.com\/fr\/consulting-types-summary\/","og_locale":"fr_FR","og_type":"article","og_title":"CAPITAL ENDEAVOR - Consulting Types Summary","og_description":"Consulting types summary Consulting types summary The lines between consulting types can often blur, such as in business and management consulting, making their contrasts less pronounced. Consulting Cross-overs showcase the power of collaboration across fields, merging insights to drive innovative solutions. They represent the convergence of different consulting disciplines, where tools and objectives are shared [&hellip;]","og_url":"https:\/\/capitalendeavorgroup.com\/fr\/consulting-types-summary\/","article_modified_time":"2024-11-27T18:32:35+00:00","twitter_card":"summary_large_image","twitter_misc":{"Dur\u00e9e de lecture estim\u00e9e":"2 minutes"},"schema":{"@context":"https:\/\/schema.org","@graph":[{"@type":"WebPage","@id":"https:\/\/capitalendeavorgroup.com\/consulting-types-summary\/","url":"https:\/\/capitalendeavorgroup.com\/consulting-types-summary\/","name":"CAPITAL ENDEAVOR - Consulting Types Summary","isPartOf":{"@id":"https:\/\/capitalendeavorgroup.com\/#website"},"datePublished":"2024-10-25T23:27:25+00:00","dateModified":"2024-11-27T18:32:35+00:00","breadcrumb":{"@id":"https:\/\/capitalendeavorgroup.com\/consulting-types-summary\/#breadcrumb"},"inLanguage":"fr-FR","potentialAction":[{"@type":"ReadAction","target":["https:\/\/capitalendeavorgroup.com\/consulting-types-summary\/"]}]},{"@type":"BreadcrumbList","@id":"https:\/\/capitalendeavorgroup.com\/consulting-types-summary\/#breadcrumb","itemListElement":[{"@type":"ListItem","position":1,"name":"Home","item":"https:\/\/capitalendeavorgroup.com\/"},{"@type":"ListItem","position":2,"name":"Consulting Types Summary"}]},{"@type":"WebSite","@id":"https:\/\/capitalendeavorgroup.com\/#website","url":"https:\/\/capitalendeavorgroup.com\/","name":"","description":"","potentialAction":[{"@type":"SearchAction","target":{"@type":"EntryPoint","urlTemplate":"https:\/\/capitalendeavorgroup.com\/?s={search_term_string}"},"query-input":{"@type":"PropertyValueSpecification","valueRequired":true,"valueName":"search_term_string"}}],"inLanguage":"fr-FR"}]}},"_links":{"self":[{"href":"https:\/\/capitalendeavorgroup.com\/fr\/wp-json\/wp\/v2\/pages\/3328","targetHints":{"allow":["GET"]}}],"collection":[{"href":"https:\/\/capitalendeavorgroup.com\/fr\/wp-json\/wp\/v2\/pages"}],"about":[{"href":"https:\/\/capitalendeavorgroup.com\/fr\/wp-json\/wp\/v2\/types\/page"}],"author":[{"embeddable":true,"href":"https:\/\/capitalendeavorgroup.com\/fr\/wp-json\/wp\/v2\/users\/1"}],"replies":[{"embeddable":true,"href":"https:\/\/capitalendeavorgroup.com\/fr\/wp-json\/wp\/v2\/comments?post=3328"}],"version-history":[{"count":70,"href":"https:\/\/capitalendeavorgroup.com\/fr\/wp-json\/wp\/v2\/pages\/3328\/revisions"}],"predecessor-version":[{"id":4571,"href":"https:\/\/capitalendeavorgroup.com\/fr\/wp-json\/wp\/v2\/pages\/3328\/revisions\/4571"}],"wp:attachment":[{"href":"https:\/\/capitalendeavorgroup.com\/fr\/wp-json\/wp\/v2\/media?parent=3328"}],"curies":[{"name":"wp","href":"https:\/\/api.w.org\/{rel}","templated":true}]}}