{"id":3115,"date":"2024-10-23T20:32:13","date_gmt":"2024-10-23T20:32:13","guid":{"rendered":"https:\/\/capitalendeavorgroup.com\/?page_id=3115"},"modified":"2024-12-17T20:11:27","modified_gmt":"2024-12-18T00:11:27","slug":"how-to-proceed","status":"publish","type":"page","link":"https:\/\/capitalendeavorgroup.com\/fr\/how-to-proceed\/","title":{"rendered":"Comment proc\u00e9der"},"content":{"rendered":"<div data-elementor-type=\"wp-page\" data-elementor-id=\"3115\" class=\"elementor elementor-3115\" data-elementor-post-type=\"page\">\n\t\t\t\t<div class=\"elementor-element elementor-element-60e0885 e-con-full e-flex e-con e-parent\" data-id=\"60e0885\" data-element_type=\"container\" data-e-type=\"container\">\n\t\t<div class=\"elementor-element elementor-element-a82e82b e-con-full e-flex e-con e-child\" data-id=\"a82e82b\" data-element_type=\"container\" data-e-type=\"container\">\n\t\t<div class=\"elementor-element elementor-element-58c4bb9 e-con-full e-flex e-con e-child\" data-id=\"58c4bb9\" data-element_type=\"container\" data-e-type=\"container\">\n\t\t\t\t<div class=\"elementor-element elementor-element-8d12262 elementor-widget__width-inherit elementor-hidden-mobile elementor-widget elementor-widget-elementskit-heading\" data-id=\"8d12262\" data-element_type=\"widget\" data-e-type=\"widget\" data-widget_type=\"elementskit-heading.default\">\n\t\t\t\t<div class=\"elementor-widget-container\">\n\t\t\t\t\t<div class=\"ekit-wid-con\" ><div class=\"ekit-heading elementskit-section-title-wraper text_left   ekit_heading_tablet-   ekit_heading_mobile-\"><h1 class=\"ekit-heading--title elementskit-section-title  ekit-heading__title-has-border start\">Comment proc\u00e9der<\/h1><\/div><\/div>\t\t\t\t<\/div>\n\t\t\t\t<\/div>\n\t\t\t\t<div class=\"elementor-element elementor-element-87c7a2d elementor-widget__width-inherit elementor-widget-mobile__width-initial elementor-hidden-desktop elementor-hidden-tablet elementor-hidden-laptop elementor-widget elementor-widget-elementskit-heading\" data-id=\"87c7a2d\" data-element_type=\"widget\" data-e-type=\"widget\" data-widget_type=\"elementskit-heading.default\">\n\t\t\t\t<div class=\"elementor-widget-container\">\n\t\t\t\t\t<div class=\"ekit-wid-con\" ><div class=\"ekit-heading elementskit-section-title-wraper text_left   ekit_heading_tablet-   ekit_heading_mobile-\"><h1 class=\"ekit-heading--title elementskit-section-title\">Comment proc\u00e9der<\/h1><\/div><\/div>\t\t\t\t<\/div>\n\t\t\t\t<\/div>\n\t\t\t\t<\/div>\n\t\t\t\t<\/div>\n\t\t<div class=\"elementor-element elementor-element-03467c0 e-con-full e-flex e-con e-child\" data-id=\"03467c0\" data-element_type=\"container\" data-e-type=\"container\">\n\t\t\t\t<div class=\"elementor-element elementor-element-6389d4c elementor-widget__width-inherit elementor-widget-laptop__width-inherit elementor-widget elementor-widget-text-editor\" data-id=\"6389d4c\" data-element_type=\"widget\" data-e-type=\"widget\" data-widget_type=\"text-editor.default\">\n\t\t\t\t<div class=\"elementor-widget-container\">\n\t\t\t\t\t\t\t\t\t<p>Voici les \u00e9tapes:<\/p>\t\t\t\t\t\t\t\t<\/div>\n\t\t\t\t<\/div>\n\t\t\t\t<\/div>\n\t\t<div class=\"elementor-element elementor-element-4333b5b e-con-full e-flex e-con e-child\" data-id=\"4333b5b\" data-element_type=\"container\" data-e-type=\"container\">\n\t\t<div class=\"elementor-element elementor-element-d095971 e-con-full e-flex e-con e-child\" data-id=\"d095971\" data-element_type=\"container\" data-e-type=\"container\">\n\t\t<div class=\"elementor-element elementor-element-bd24689 e-con-full e-flex e-con e-child\" data-id=\"bd24689\" data-element_type=\"container\" data-e-type=\"container\">\n\t\t\t\t<div class=\"elementor-element elementor-element-8faa3ab elementor-widget__width-inherit elementor-widget-laptop__width-inherit elementor-widget elementor-widget-text-editor\" data-id=\"8faa3ab\" data-element_type=\"widget\" data-e-type=\"widget\" data-widget_type=\"text-editor.default\">\n\t\t\t\t<div class=\"elementor-widget-container\">\n\t\t\t\t\t\t\t\t\t<h2 style=\"font-size: 2.2rem; color: white; font-family: 'Lato', sans-serif;\">1.\tRemplir les informations<\/h2><p>Compl\u00e9tez vos informations sur la page de contact pour recevoir imm\u00e9diatement un e-mail automatique avec les options de forfait.<\/p>\t\t\t\t\t\t\t\t<\/div>\n\t\t\t\t<\/div>\n\t\t\t\t<div class=\"elementor-element elementor-element-89ab3df elementor-widget__width-inherit elementor-widget-laptop__width-inherit elementor-widget elementor-widget-text-editor\" data-id=\"89ab3df\" data-element_type=\"widget\" data-e-type=\"widget\" data-widget_type=\"text-editor.default\">\n\t\t\t\t<div class=\"elementor-widget-container\">\n\t\t\t\t\t\t\t\t\t<h2 style=\"font-size: 2.2rem; color: white; font-family: 'Lato', sans-serif;\">2.\tRecevoir un devis<\/h2><p>Recevez un e-mail dans les 1 \u00e0 2 minutes contenant un lien vers la page avec les forfaits de r\u00e9tention, comprenant quatre (4) options horaires et six (6) options mensuelles.<\/p>\t\t\t\t\t\t\t\t<\/div>\n\t\t\t\t<\/div>\n\t\t\t\t<div class=\"elementor-element elementor-element-a163264 elementor-widget__width-inherit elementor-widget-laptop__width-inherit elementor-widget elementor-widget-text-editor\" data-id=\"a163264\" data-element_type=\"widget\" data-e-type=\"widget\" data-widget_type=\"text-editor.default\">\n\t\t\t\t<div class=\"elementor-widget-container\">\n\t\t\t\t\t\t\t\t\t<h2 style=\"font-size: 2.2rem; color: white; font-family: 'Lato', sans-serif;\">3.\tAcheter la r\u00e9tention et\/ou demander plus d\u2019informations<\/h2><p>Vous pouvez proc\u00e9der en toute confiance en s\u00e9lectionnant l'un des forfaits et en payant la r\u00e9tention, assur\u00e9 par notre <span style=\"color: #80bdff;\"><a style=\"color: #80bdff;\" href=\"https:\/\/capitalendeavorgroup.com\/fr\/terms-and-conditions\/#money-back-guarantee\"><span style=\"text-decoration: underline;\"><strong>garantie de remboursement<\/strong><\/span><\/a><\/span>. Si vous souhaitez plus de d\u00e9tails, n'h\u00e9sitez pas \u00e0 demander des informations suppl\u00e9mentaires par e-mail.<\/p>\t\t\t\t\t\t\t\t<\/div>\n\t\t\t\t<\/div>\n\t\t\t\t<div class=\"elementor-element elementor-element-230b2c4 elementor-widget__width-inherit elementor-widget-laptop__width-inherit elementor-widget elementor-widget-text-editor\" data-id=\"230b2c4\" data-element_type=\"widget\" data-e-type=\"widget\" data-widget_type=\"text-editor.default\">\n\t\t\t\t<div class=\"elementor-widget-container\">\n\t\t\t\t\t\t\t\t\t<h2 style=\"font-size: 2.2rem; color: white; font-family: 'Lato', sans-serif;\">4.\tE-mail de confirmation<\/h2><p>Apr\u00e8s le paiement de la r\u00e9tention, vous recevrez un e-mail de confirmation avec le re\u00e7u de la r\u00e9tention. Une facture suivra une fois que la facturation horaire ou mensuelle aura \u00e9t\u00e9 accumul\u00e9e. De plus, nous vous enverrons un accord de confidentialit\u00e9 sign\u00e9 dans les 1 \u00e0 2 jours ouvrables, garantissant la confidentialit\u00e9 de toute information partag\u00e9e pendant les sessions, que ce soit pour un particulier ou une entreprise. Apr\u00e8s l'engagement, vous pouvez demander la biographie du consultant, y compris une photo.<\/p>\t\t\t\t\t\t\t\t<\/div>\n\t\t\t\t<\/div>\n\t\t\t\t<div class=\"elementor-element elementor-element-052c650 elementor-widget__width-inherit elementor-widget-laptop__width-inherit elementor-widget elementor-widget-text-editor\" data-id=\"052c650\" data-element_type=\"widget\" data-e-type=\"widget\" data-widget_type=\"text-editor.default\">\n\t\t\t\t<div class=\"elementor-widget-container\">\n\t\t\t\t\t\t\t\t\t<h2 style=\"font-size: 2.2rem; color: white; font-family: 'Lato', sans-serif;\">5.\tPlanifier votre session<\/h2><p>Planifiez votre premi\u00e8re session gratuite d'une heure, ou de 30 minutes dans certains cas. Vous devrez fournir 3 \u00e0 4 cr\u00e9neaux horaires id\u00e9aux apr\u00e8s avoir pay\u00e9 la r\u00e9tention. Nous confirmerons votre heure de session dans les 1 \u00e0 2 jours ouvrables suivant l'achat de la r\u00e9tention. Si vos horaires demand\u00e9s ne sont pas disponibles, nous enverrons un lien pour r\u00e9server un cr\u00e9neau horaire disponible de votre choix. La premi\u00e8re session d'une heure, ou de 30 minutes dans certains cas, se d\u00e9roule g\u00e9n\u00e9ralement par t\u00e9l\u00e9phone (appel vocal) sauf si le client pr\u00e9f\u00e8re ou n\u00e9cessite une vid\u00e9o.<\/p>\t\t\t\t\t\t\t\t<\/div>\n\t\t\t\t<\/div>\n\t\t\t\t<div class=\"elementor-element elementor-element-901fd27 elementor-widget__width-inherit elementor-widget-laptop__width-inherit elementor-widget elementor-widget-text-editor\" data-id=\"901fd27\" data-element_type=\"widget\" data-e-type=\"widget\" data-widget_type=\"text-editor.default\">\n\t\t\t\t<div class=\"elementor-widget-container\">\n\t\t\t\t\t\t\t\t\t<h2 style=\"font-size: 2.2rem; color: white; font-family: 'Lato', sans-serif;\">6.\tD\u00e9cider de continuer<\/h2><p>Apr\u00e8s la premi\u00e8re session, vous pouvez d\u00e9cider si vous souhaitez continuer. Si vous choisissez de continuer, nous programmerons les sessions futures. Sinon, vous pouvez exercer la garantie de remboursement et recevoir un remboursement complet, sans frais pour la premi\u00e8re session, qu'elle soit d'une heure ou de 30 minutes dans certains cas. Pour les forfaits avec plus d'une session gratuite, la garantie de remboursement s'applique apr\u00e8s la premi\u00e8re session gratuite et ne s'applique plus par la suite.<\/p>\t\t\t\t\t\t\t\t<\/div>\n\t\t\t\t<\/div>\n\t\t\t\t<div class=\"elementor-element elementor-element-e28e35c elementor-widget__width-inherit elementor-widget-laptop__width-inherit elementor-widget elementor-widget-text-editor\" data-id=\"e28e35c\" data-element_type=\"widget\" data-e-type=\"widget\" data-widget_type=\"text-editor.default\">\n\t\t\t\t<div class=\"elementor-widget-container\">\n\t\t\t\t\t\t\t\t\t<h2 style=\"font-size: 2.2rem; color: white; font-family: 'Lato', sans-serif;\">7.\tTarif<\/h2><p>Le tarif horaire sera d\u00e9duit de la r\u00e9tention pr\u00e9pay\u00e9e pour les forfaits horaires. Pour les forfaits mensuels, la r\u00e9tention couvre le premier et le dernier mois. En cas d'annulation anticip\u00e9e du contrat mensuel, soit volontairement, soit en raison d'un d\u00e9faut de paiement, la r\u00e9tention pour le dernier mois servira de p\u00e9nalit\u00e9, \u00e0 l'exception des forfaits mensuels 4, 5 et 6, qui offrent un statut de super client et la p\u00e9nalit\u00e9 d'annulation anticip\u00e9e est r\u00e9duite de 50%, ainsi la p\u00e9nalit\u00e9 serait de 50% de la r\u00e9tention du dernier mois dans ces cas. Une fois la r\u00e9tention enti\u00e8rement utilis\u00e9e, vous pouvez choisir de renouveler l'un des forfaits disponibles ou de n\u00e9gocier un forfait personnalis\u00e9 adapt\u00e9 \u00e0 vos besoins. Ces forfaits s'appliquent \u00e0 l'ensemble des services que nous proposons, ou \u00e0 une combinaison de ceux-ci.<\/p>\t\t\t\t\t\t\t\t<\/div>\n\t\t\t\t<\/div>\n\t\t\t\t<div class=\"elementor-element elementor-element-34446f3 elementor-widget__width-inherit elementor-widget-laptop__width-inherit elementor-widget elementor-widget-text-editor\" data-id=\"34446f3\" data-element_type=\"widget\" data-e-type=\"widget\" data-widget_type=\"text-editor.default\">\n\t\t\t\t<div class=\"elementor-widget-container\">\n\t\t\t\t\t\t\t\t\t<h2 style=\"font-size: 2.2rem; color: white; font-family: 'Lato', sans-serif;\">8.\tR\u00e9approvisionnement de la r\u00e9tention<\/h2><p>La r\u00e9tention peut \u00eatre r\u00e9approvisionn\u00e9e une fois \u00e9puis\u00e9e, ou des forfaits plus grands peuvent \u00eatre n\u00e9goci\u00e9s pour s\u00e9curiser des cr\u00e9neaux horaires futurs et r\u00e9server des cr\u00e9neaux horaires pr\u00e9f\u00e9r\u00e9s dans le calendrier.<\/p>\t\t\t\t\t\t\t\t<\/div>\n\t\t\t\t<\/div>\n\t\t\t\t<div class=\"elementor-element elementor-element-987fa88 elementor-widget__width-inherit elementor-widget-laptop__width-inherit elementor-widget elementor-widget-text-editor\" data-id=\"987fa88\" data-element_type=\"widget\" data-e-type=\"widget\" data-widget_type=\"text-editor.default\">\n\t\t\t\t<div class=\"elementor-widget-container\">\n\t\t\t\t\t\t\t\t\t<h2 style=\"font-size: 2.2rem; color: white; font-family: 'Lato', sans-serif;\">9.\tDisponibilit\u00e9<\/h2><p>Si le site Web ne vous permet pas d'acheter la r\u00e9tention, cela signifie qu'il n'y a pas de disponibilit\u00e9 \u00e0 ce moment-l\u00e0, car nos services sont exclusifs et limit\u00e9s. Vous serez alors automatiquement plac\u00e9 sur la liste d'attente.<\/p>\t\t\t\t\t\t\t\t<\/div>\n\t\t\t\t<\/div>\n\t\t\t\t<div class=\"elementor-element elementor-element-d9fd72c elementor-widget__width-inherit elementor-widget-laptop__width-inherit elementor-widget elementor-widget-text-editor\" data-id=\"d9fd72c\" data-element_type=\"widget\" data-e-type=\"widget\" data-widget_type=\"text-editor.default\">\n\t\t\t\t<div class=\"elementor-widget-container\">\n\t\t\t\t\t\t\t\t\t<h2 style=\"font-size: 2.2rem; color: white; font-family: 'Lato', sans-serif;\">10.\tConfidentialit\u00e9<\/h2><p>Notre politique est d\u00e9di\u00e9e \u00e0 garantir une confidentialit\u00e9 stricte. Nous ne partageons, n'utilisons pas comme r\u00e9f\u00e9rence, ne fournissons pas de r\u00e9f\u00e9rences et ne divulguons jamais les informations de nos clients, sauf lorsque la loi l'exige par une ordonnance judiciaire ou pour des institutions financi\u00e8res.<\/p>\t\t\t\t\t\t\t\t<\/div>\n\t\t\t\t<\/div>\n\t\t\t\t<\/div>\n\t\t\t\t<\/div>\n\t\t\t\t<\/div>\n\t\t\t\t<\/div>\n\t\t\t\t<\/div>","protected":false},"excerpt":{"rendered":"<p>How to Proceed How to Proceed These are the steps: 1. Fill Out Information Complete your information on the contact page to immediately receive an automatic email with pricing package options. 2. Receive Quotation Receive an email within 1-2 minutes containing a link to the page with retainer packages, including four (4) hourly options and [&hellip;]<\/p>","protected":false},"author":1,"featured_media":0,"parent":0,"menu_order":0,"comment_status":"closed","ping_status":"closed","template":"","meta":{"footnotes":""},"class_list":["post-3115","page","type-page","status-publish","hentry"],"blocksy_meta":[],"yoast_head":"<!-- This site is optimized with the Yoast SEO plugin v27.4 - https:\/\/yoast.com\/product\/yoast-seo-wordpress\/ -->\n<title>CAPITAL ENDEAVOR - How to Proceed<\/title>\n<meta name=\"robots\" content=\"index, follow, max-snippet:-1, max-image-preview:large, max-video-preview:-1\" \/>\n<link rel=\"canonical\" href=\"https:\/\/capitalendeavorgroup.com\/fr\/how-to-proceed\/\" \/>\n<meta property=\"og:locale\" content=\"fr_FR\" \/>\n<meta property=\"og:type\" content=\"article\" \/>\n<meta property=\"og:title\" content=\"CAPITAL ENDEAVOR - How to Proceed\" \/>\n<meta property=\"og:description\" content=\"How to Proceed How to Proceed These are the steps: 1. Fill Out Information Complete your information on the contact page to immediately receive an automatic email with pricing package options. 2. Receive Quotation Receive an email within 1-2 minutes containing a link to the page with retainer packages, including four (4) hourly options and [&hellip;]\" \/>\n<meta property=\"og:url\" content=\"https:\/\/capitalendeavorgroup.com\/fr\/how-to-proceed\/\" \/>\n<meta property=\"article:modified_time\" content=\"2024-12-18T00:11:27+00:00\" \/>\n<meta name=\"twitter:card\" content=\"summary_large_image\" \/>\n<meta name=\"twitter:label1\" content=\"Dur\u00e9e de lecture estim\u00e9e\" \/>\n\t<meta name=\"twitter:data1\" content=\"3 minutes\" \/>\n<script type=\"application\/ld+json\" class=\"yoast-schema-graph\">{\"@context\":\"https:\\\/\\\/schema.org\",\"@graph\":[{\"@type\":\"WebPage\",\"@id\":\"https:\\\/\\\/capitalendeavorgroup.com\\\/how-to-proceed\\\/\",\"url\":\"https:\\\/\\\/capitalendeavorgroup.com\\\/how-to-proceed\\\/\",\"name\":\"CAPITAL ENDEAVOR - How to Proceed\",\"isPartOf\":{\"@id\":\"https:\\\/\\\/capitalendeavorgroup.com\\\/#website\"},\"datePublished\":\"2024-10-23T20:32:13+00:00\",\"dateModified\":\"2024-12-18T00:11:27+00:00\",\"breadcrumb\":{\"@id\":\"https:\\\/\\\/capitalendeavorgroup.com\\\/how-to-proceed\\\/#breadcrumb\"},\"inLanguage\":\"fr-FR\",\"potentialAction\":[{\"@type\":\"ReadAction\",\"target\":[\"https:\\\/\\\/capitalendeavorgroup.com\\\/how-to-proceed\\\/\"]}]},{\"@type\":\"BreadcrumbList\",\"@id\":\"https:\\\/\\\/capitalendeavorgroup.com\\\/how-to-proceed\\\/#breadcrumb\",\"itemListElement\":[{\"@type\":\"ListItem\",\"position\":1,\"name\":\"Home\",\"item\":\"https:\\\/\\\/capitalendeavorgroup.com\\\/\"},{\"@type\":\"ListItem\",\"position\":2,\"name\":\"How to Proceed\"}]},{\"@type\":\"WebSite\",\"@id\":\"https:\\\/\\\/capitalendeavorgroup.com\\\/#website\",\"url\":\"https:\\\/\\\/capitalendeavorgroup.com\\\/\",\"name\":\"\",\"description\":\"\",\"potentialAction\":[{\"@type\":\"SearchAction\",\"target\":{\"@type\":\"EntryPoint\",\"urlTemplate\":\"https:\\\/\\\/capitalendeavorgroup.com\\\/?s={search_term_string}\"},\"query-input\":{\"@type\":\"PropertyValueSpecification\",\"valueRequired\":true,\"valueName\":\"search_term_string\"}}],\"inLanguage\":\"fr-FR\"}]}<\/script>\n<!-- \/ Yoast SEO plugin. -->","yoast_head_json":{"title":"CAPITAL ENDEAVOR - How to Proceed","robots":{"index":"index","follow":"follow","max-snippet":"max-snippet:-1","max-image-preview":"max-image-preview:large","max-video-preview":"max-video-preview:-1"},"canonical":"https:\/\/capitalendeavorgroup.com\/fr\/how-to-proceed\/","og_locale":"fr_FR","og_type":"article","og_title":"CAPITAL ENDEAVOR - How to Proceed","og_description":"How to Proceed How to Proceed These are the steps: 1. Fill Out Information Complete your information on the contact page to immediately receive an automatic email with pricing package options. 2. Receive Quotation Receive an email within 1-2 minutes containing a link to the page with retainer packages, including four (4) hourly options and [&hellip;]","og_url":"https:\/\/capitalendeavorgroup.com\/fr\/how-to-proceed\/","article_modified_time":"2024-12-18T00:11:27+00:00","twitter_card":"summary_large_image","twitter_misc":{"Dur\u00e9e de lecture estim\u00e9e":"3 minutes"},"schema":{"@context":"https:\/\/schema.org","@graph":[{"@type":"WebPage","@id":"https:\/\/capitalendeavorgroup.com\/how-to-proceed\/","url":"https:\/\/capitalendeavorgroup.com\/how-to-proceed\/","name":"CAPITAL ENDEAVOR - How to Proceed","isPartOf":{"@id":"https:\/\/capitalendeavorgroup.com\/#website"},"datePublished":"2024-10-23T20:32:13+00:00","dateModified":"2024-12-18T00:11:27+00:00","breadcrumb":{"@id":"https:\/\/capitalendeavorgroup.com\/how-to-proceed\/#breadcrumb"},"inLanguage":"fr-FR","potentialAction":[{"@type":"ReadAction","target":["https:\/\/capitalendeavorgroup.com\/how-to-proceed\/"]}]},{"@type":"BreadcrumbList","@id":"https:\/\/capitalendeavorgroup.com\/how-to-proceed\/#breadcrumb","itemListElement":[{"@type":"ListItem","position":1,"name":"Home","item":"https:\/\/capitalendeavorgroup.com\/"},{"@type":"ListItem","position":2,"name":"How to Proceed"}]},{"@type":"WebSite","@id":"https:\/\/capitalendeavorgroup.com\/#website","url":"https:\/\/capitalendeavorgroup.com\/","name":"","description":"","potentialAction":[{"@type":"SearchAction","target":{"@type":"EntryPoint","urlTemplate":"https:\/\/capitalendeavorgroup.com\/?s={search_term_string}"},"query-input":{"@type":"PropertyValueSpecification","valueRequired":true,"valueName":"search_term_string"}}],"inLanguage":"fr-FR"}]}},"_links":{"self":[{"href":"https:\/\/capitalendeavorgroup.com\/fr\/wp-json\/wp\/v2\/pages\/3115","targetHints":{"allow":["GET"]}}],"collection":[{"href":"https:\/\/capitalendeavorgroup.com\/fr\/wp-json\/wp\/v2\/pages"}],"about":[{"href":"https:\/\/capitalendeavorgroup.com\/fr\/wp-json\/wp\/v2\/types\/page"}],"author":[{"embeddable":true,"href":"https:\/\/capitalendeavorgroup.com\/fr\/wp-json\/wp\/v2\/users\/1"}],"replies":[{"embeddable":true,"href":"https:\/\/capitalendeavorgroup.com\/fr\/wp-json\/wp\/v2\/comments?post=3115"}],"version-history":[{"count":58,"href":"https:\/\/capitalendeavorgroup.com\/fr\/wp-json\/wp\/v2\/pages\/3115\/revisions"}],"predecessor-version":[{"id":4981,"href":"https:\/\/capitalendeavorgroup.com\/fr\/wp-json\/wp\/v2\/pages\/3115\/revisions\/4981"}],"wp:attachment":[{"href":"https:\/\/capitalendeavorgroup.com\/fr\/wp-json\/wp\/v2\/media?parent=3115"}],"curies":[{"name":"wp","href":"https:\/\/api.w.org\/{rel}","templated":true}]}}