{"id":3328,"date":"2024-10-25T23:27:25","date_gmt":"2024-10-25T23:27:25","guid":{"rendered":"https:\/\/capitalendeavorgroup.com\/?page_id=3328"},"modified":"2024-11-27T14:32:35","modified_gmt":"2024-11-27T18:32:35","slug":"consulting-types-summary","status":"publish","type":"page","link":"https:\/\/capitalendeavorgroup.com\/es\/consulting-types-summary\/","title":{"rendered":"Resumen de Tipos de Consultor\u00eda"},"content":{"rendered":"<div data-elementor-type=\"wp-page\" data-elementor-id=\"3328\" class=\"elementor elementor-3328\" data-elementor-post-type=\"page\">\n\t\t\t\t<div class=\"elementor-element elementor-element-60e0885 e-con-full e-flex e-con e-parent\" data-id=\"60e0885\" data-element_type=\"container\" data-e-type=\"container\">\n\t\t<div class=\"elementor-element elementor-element-a82e82b e-con-full e-flex e-con e-child\" data-id=\"a82e82b\" data-element_type=\"container\" data-e-type=\"container\">\n\t\t<div class=\"elementor-element elementor-element-58c4bb9 e-con-full e-flex e-con e-child\" data-id=\"58c4bb9\" data-element_type=\"container\" data-e-type=\"container\">\n\t\t\t\t<div class=\"elementor-element elementor-element-1c8b4b3 elementor-widget__width-inherit elementor-hidden-mobile elementor-widget elementor-widget-elementskit-heading\" data-id=\"1c8b4b3\" data-element_type=\"widget\" data-e-type=\"widget\" data-widget_type=\"elementskit-heading.default\">\n\t\t\t\t<div class=\"elementor-widget-container\">\n\t\t\t\t\t<div class=\"ekit-wid-con\" ><div class=\"ekit-heading elementskit-section-title-wraper text_left   ekit_heading_tablet-   ekit_heading_mobile-\"><h1 class=\"ekit-heading--title elementskit-section-title  ekit-heading__title-has-border start\">Resumen de Tipos de Consultor\u00eda<\/h1><\/div><\/div>\t\t\t\t<\/div>\n\t\t\t\t<\/div>\n\t\t\t\t<div class=\"elementor-element elementor-element-829febb elementor-widget__width-inherit elementor-widget-mobile__width-initial elementor-hidden-desktop elementor-hidden-laptop elementor-hidden-tablet elementor-widget elementor-widget-elementskit-heading\" data-id=\"829febb\" data-element_type=\"widget\" data-e-type=\"widget\" data-widget_type=\"elementskit-heading.default\">\n\t\t\t\t<div class=\"elementor-widget-container\">\n\t\t\t\t\t<div class=\"ekit-wid-con\" ><div class=\"ekit-heading elementskit-section-title-wraper text_left   ekit_heading_tablet-   ekit_heading_mobile-\"><h1 class=\"ekit-heading--title elementskit-section-title\">Resumen de Tipos de Consultor\u00eda<\/h1><\/div><\/div>\t\t\t\t<\/div>\n\t\t\t\t<\/div>\n\t\t\t\t<\/div>\n\t\t\t\t<\/div>\n\t\t<div class=\"elementor-element elementor-element-03467c0 e-con-full e-flex e-con e-child\" data-id=\"03467c0\" data-element_type=\"container\" data-e-type=\"container\">\n\t\t\t\t<div class=\"elementor-element elementor-element-c7b840d elementor-widget__width-initial elementor-widget-laptop__width-inherit elementor-widget elementor-widget-text-editor\" data-id=\"c7b840d\" data-element_type=\"widget\" data-e-type=\"widget\" data-widget_type=\"text-editor.default\">\n\t\t\t\t<div class=\"elementor-widget-container\">\n\t\t\t\t\t\t\t\t\t<p>Las l\u00edneas entre los tipos de consultor\u00eda suelen difuminarse, como ocurre con la consultor\u00eda empresarial y la de gesti\u00f3n, lo que hace que sus diferencias sean menos marcadas. Los <span style=\"color: #ffffff;\"><strong><span style=\"text-decoration: underline;\"><a style=\"color: #ffffff; text-decoration: underline;\" href=\"https:\/\/capitalendeavorgroup.com\/es\/consulting-cross-overs\/\">Cruces de Consultor\u00eda<\/a><\/span> <\/strong><\/span>destacan el poder de la colaboraci\u00f3n entre disciplinas, fusionando perspectivas para impulsar soluciones innovadoras. Representan la convergencia de diferentes \u00e1reas de consultor\u00eda, donde las herramientas y objetivos se comparten para lograr un impacto mayor.<\/p><p>En contraste, los <span style=\"color: #ffffff;\"><strong><span style=\"text-decoration: underline;\"><a style=\"color: #ffffff; text-decoration: underline;\" href=\"https:\/\/capitalendeavorgroup.com\/es\/consulting-nuances\/\">Matices de Consultor\u00eda<\/a><\/span><\/strong><\/span> resaltan el arte de la personalizaci\u00f3n, demostrando que un enfoque gen\u00e9rico rara vez logra resultados efectivos. Estos matices representan las sutiles diferencias que hacen \u00fanica a cada disciplina de consultor\u00eda, incluso en medio de similitudes, asegurando que las soluciones est\u00e9n ajustadas espec\u00edficamente a cada contexto.<\/p><p>Aqu\u00ed hay algunos ejemplos de cruces entre la Consultor\u00eda en Gesti\u00f3n Empresarial, la Consultor\u00eda en Coaching de Gesti\u00f3n Ejecutiva y la Consultor\u00eda en Gesti\u00f3n de Capital Privado, junto con ejemplos de particularidades entre la Gesti\u00f3n de Capital Privado y otros tipos de asesor\u00eda y gesti\u00f3n.<\/p>\t\t\t\t\t\t\t\t<\/div>\n\t\t\t\t<\/div>\n\t\t\t\t<\/div>\n\t\t<div class=\"elementor-element elementor-element-4333b5b e-con-full e-flex e-con e-child\" data-id=\"4333b5b\" data-element_type=\"container\" data-e-type=\"container\">\n\t\t<div class=\"elementor-element elementor-element-d095971 e-con-full e-flex e-con e-child\" data-id=\"d095971\" data-element_type=\"container\" data-e-type=\"container\">\n\t\t<div class=\"elementor-element elementor-element-bd24689 e-con-full e-flex e-con e-child\" data-id=\"bd24689\" data-element_type=\"container\" data-e-type=\"container\">\n\t\t\t\t<div class=\"elementor-element elementor-element-3f30da3 elementor-widget elementor-widget-elementskit-heading\" data-id=\"3f30da3\" data-element_type=\"widget\" data-e-type=\"widget\" data-widget_type=\"elementskit-heading.default\">\n\t\t\t\t<div class=\"elementor-widget-container\">\n\t\t\t\t\t<div class=\"ekit-wid-con\" ><div class=\"ekit-heading elementskit-section-title-wraper text_left   ekit_heading_tablet-   ekit_heading_mobile-\"><h1 class=\"ekit-heading--title elementskit-section-title\">Cruces<\/h1><div class=\"ekit_heading_separetor_wraper ekit_heading_elementskit-border-divider elementskit-style-long\"><div class=\"elementskit-border-divider elementskit-style-long\"><\/div><\/div><\/div><\/div>\t\t\t\t<\/div>\n\t\t\t\t<\/div>\n\t\t\t\t<\/div>\n\t\t\t\t<\/div>\n\t\t<div class=\"elementor-element elementor-element-63a41f7 e-con-full e-flex e-con e-child\" data-id=\"63a41f7\" data-element_type=\"container\" data-e-type=\"container\">\n\t\t<div class=\"elementor-element elementor-element-3891593 e-con-full e-flex e-con e-child\" data-id=\"3891593\" data-element_type=\"container\" data-e-type=\"container\" data-settings=\"{&quot;background_background&quot;:&quot;classic&quot;}\">\n\t\t\t\t<div class=\"elementor-element elementor-element-c92af52 elementor-widget elementor-widget-text-editor\" data-id=\"c92af52\" data-element_type=\"widget\" data-e-type=\"widget\" data-widget_type=\"text-editor.default\">\n\t\t\t\t<div class=\"elementor-widget-container\">\n\t\t\t\t\t\t\t\t\t<p><strong>Enfoque<\/strong>: Los tres tipos de consultor\u00eda mejoran el desempe\u00f1o organizacional. El primero se enfoca en refinar las operaciones e implementar estrategias empresariales efectivas; el segundo fortalece las habilidades de liderazgo y la resiliencia para potenciar la influencia ejecutiva; el tercero maximiza el valor del portafolio mediante la alineaci\u00f3n operativa y financiera para lograr salidas rentables.<\/p>\t\t\t\t\t\t\t\t<\/div>\n\t\t\t\t<\/div>\n\t\t\t\t<\/div>\n\t\t<div class=\"elementor-element elementor-element-612db32 e-con-full e-flex e-con e-child\" data-id=\"612db32\" data-element_type=\"container\" data-e-type=\"container\" data-settings=\"{&quot;background_background&quot;:&quot;classic&quot;}\">\n\t\t\t\t<div class=\"elementor-element elementor-element-dc2b9ae elementor-widget elementor-widget-text-editor\" data-id=\"dc2b9ae\" data-element_type=\"widget\" data-e-type=\"widget\" data-widget_type=\"text-editor.default\">\n\t\t\t\t<div class=\"elementor-widget-container\">\n\t\t\t\t\t\t\t\t\t<p><strong>Nivel de Participaci\u00f3n<\/strong>: Cada tipo enfatiza el an\u00e1lisis y la planificaci\u00f3n basados en datos. El primero implica un apoyo pr\u00e1ctico y transversal entre departamentos para implementar mejoras de rendimiento; el segundo ofrece sesiones personalizadas, uno a uno, para desarrollar mayores capacidades de liderazgo; el tercero trabaja estrechamente con empresas e inversores para alinear estrategias operativas, garantizando la creaci\u00f3n de valor.<\/p>\t\t\t\t\t\t\t\t<\/div>\n\t\t\t\t<\/div>\n\t\t\t\t<\/div>\n\t\t<div class=\"elementor-element elementor-element-94e3b45 e-con-full e-flex e-con e-child\" data-id=\"94e3b45\" data-element_type=\"container\" data-e-type=\"container\" data-settings=\"{&quot;background_background&quot;:&quot;classic&quot;}\">\n\t\t\t\t<div class=\"elementor-element elementor-element-c940090 elementor-widget elementor-widget-text-editor\" data-id=\"c940090\" data-element_type=\"widget\" data-e-type=\"widget\" data-widget_type=\"text-editor.default\">\n\t\t\t\t<div class=\"elementor-widget-container\">\n\t\t\t\t\t\t\t\t\t<p><strong>P\u00fablico Objetivo<\/strong>: El primero est\u00e1 dirigido a organizaciones que buscan eficiencia operativa y crecimiento, desde peque\u00f1as empresas hasta grandes corporaciones; el segundo se enfoca en ejecutivos, l\u00edderes de nivel C-suite y personas de alto patrimonio que aspiran al desarrollo personal y a la excelencia en liderazgo; el tercero est\u00e1 dise\u00f1ado para inversores, tanto individuales como institucionales, que buscan mejorar el rendimiento y lograr salidas exitosas.<\/p>\t\t\t\t\t\t\t\t<\/div>\n\t\t\t\t<\/div>\n\t\t\t\t<\/div>\n\t\t\t\t<\/div>\n\t\t\t\t<\/div>\n\t\t<div class=\"elementor-element elementor-element-7667006 e-con-full e-flex e-con e-child\" data-id=\"7667006\" data-element_type=\"container\" data-e-type=\"container\">\n\t\t<div class=\"elementor-element elementor-element-99609ef e-con-full e-flex e-con e-child\" data-id=\"99609ef\" data-element_type=\"container\" data-e-type=\"container\">\n\t\t<div class=\"elementor-element elementor-element-3f2acf7 e-con-full e-flex e-con e-child\" data-id=\"3f2acf7\" data-element_type=\"container\" data-e-type=\"container\">\n\t\t\t\t<div class=\"elementor-element elementor-element-1f9a400 elementor-widget elementor-widget-elementskit-heading\" data-id=\"1f9a400\" data-element_type=\"widget\" data-e-type=\"widget\" data-widget_type=\"elementskit-heading.default\">\n\t\t\t\t<div class=\"elementor-widget-container\">\n\t\t\t\t\t<div class=\"ekit-wid-con\" ><div class=\"ekit-heading elementskit-section-title-wraper text_left   ekit_heading_tablet-   ekit_heading_mobile-\"><h1 class=\"ekit-heading--title elementskit-section-title\">Matices<\/h1><div class=\"ekit_heading_separetor_wraper ekit_heading_elementskit-border-divider elementskit-style-long\"><div class=\"elementskit-border-divider elementskit-style-long\"><\/div><\/div><\/div><\/div>\t\t\t\t<\/div>\n\t\t\t\t<\/div>\n\t\t\t\t<\/div>\n\t\t\t\t<\/div>\n\t\t<div class=\"elementor-element elementor-element-8669a70 e-con-full e-flex e-con e-child\" data-id=\"8669a70\" data-element_type=\"container\" data-e-type=\"container\">\n\t\t\t\t<div class=\"elementor-element elementor-element-4b3480a elementor-widget-laptop__width-inherit elementor-widget elementor-widget-text-editor\" data-id=\"4b3480a\" data-element_type=\"widget\" data-e-type=\"widget\" data-widget_type=\"text-editor.default\">\n\t\t\t\t<div class=\"elementor-widget-container\">\n\t\t\t\t\t\t\t\t\t<ul>\n \t<li>Los consultores empresariales, en general, ofrecen asesoramiento estrat\u00e9gico y recomendaciones sin asumir la propiedad ni el control de las operaciones del negocio. En contraste, la Consultor\u00eda en Gesti\u00f3n de Capital Privado se centra en mejorar directamente el valor de los portafolios y empresas mediante una participaci\u00f3n activa, que incluye asumir el control e implementar cambios operativos.<\/li><\/p>\n \t<li>La Consultor\u00eda en Gesti\u00f3n de Capital Privado invierte activamente en empresas y las gestiona para impulsar el crecimiento y la rentabilidad. En contraste, la asesor\u00eda financiera, a diferencia de las firmas de consultor\u00eda de gesti\u00f3n, se enfoca en brindar orientaci\u00f3n sobre finanzas personales o corporativas, como estrategias de inversi\u00f3n y planificaci\u00f3n patrimonial, sin gestionar ni controlar activamente ning\u00fan negocio.<\/li><\/p>\n \t<li>Los gestores de dinero se enfocan en manejar inversiones a corto plazo y la liquidez, mientras que la gesti\u00f3n patrimonial se centra en preservar y hacer crecer la riqueza individual o familiar mediante inversiones diversificadas y planificaci\u00f3n. En contraste, los consultores en gesti\u00f3n de capital privado buscan hacer crecer y optimizar empresas influyendo directamente en sus operaciones a trav\u00e9s de inteligencia empresarial y monitoreo de portafolios de capital privado.<\/li>\n<\/ul>\t\t\t\t\t\t\t\t<\/div>\n\t\t\t\t<\/div>\n\t\t\t\t<\/div>\n\t\t\t\t<\/div>\n\t\t\t\t<\/div>\n\t\t\t\t<\/div>","protected":false},"excerpt":{"rendered":"<p>Consulting types summary Consulting types summary The lines between consulting types can often blur, such as in business and management consulting, making their contrasts less pronounced. Consulting Cross-overs showcase the power of collaboration across fields, merging insights to drive innovative solutions. They represent the convergence of different consulting disciplines, where tools and objectives are shared [&hellip;]<\/p>","protected":false},"author":1,"featured_media":0,"parent":0,"menu_order":0,"comment_status":"closed","ping_status":"closed","template":"","meta":{"footnotes":""},"class_list":["post-3328","page","type-page","status-publish","hentry"],"blocksy_meta":[],"yoast_head":"<!-- This site is optimized with the Yoast SEO plugin v27.4 - https:\/\/yoast.com\/product\/yoast-seo-wordpress\/ -->\n<title>CAPITAL ENDEAVOR - Consulting Types Summary<\/title>\n<meta name=\"robots\" content=\"index, follow, max-snippet:-1, max-image-preview:large, max-video-preview:-1\" \/>\n<link rel=\"canonical\" href=\"https:\/\/capitalendeavorgroup.com\/es\/consulting-types-summary\/\" \/>\n<meta property=\"og:locale\" content=\"es_MX\" \/>\n<meta property=\"og:type\" content=\"article\" \/>\n<meta property=\"og:title\" content=\"CAPITAL ENDEAVOR - Consulting Types Summary\" \/>\n<meta property=\"og:description\" content=\"Consulting types summary Consulting types summary The lines between consulting types can often blur, such as in business and management consulting, making their contrasts less pronounced. Consulting Cross-overs showcase the power of collaboration across fields, merging insights to drive innovative solutions. They represent the convergence of different consulting disciplines, where tools and objectives are shared [&hellip;]\" \/>\n<meta property=\"og:url\" content=\"https:\/\/capitalendeavorgroup.com\/es\/consulting-types-summary\/\" \/>\n<meta property=\"article:modified_time\" content=\"2024-11-27T18:32:35+00:00\" \/>\n<meta name=\"twitter:card\" content=\"summary_large_image\" \/>\n<meta name=\"twitter:label1\" content=\"Tiempo de lectura\" \/>\n\t<meta name=\"twitter:data1\" content=\"2 minutos\" \/>\n<script type=\"application\/ld+json\" class=\"yoast-schema-graph\">{\"@context\":\"https:\\\/\\\/schema.org\",\"@graph\":[{\"@type\":\"WebPage\",\"@id\":\"https:\\\/\\\/capitalendeavorgroup.com\\\/consulting-types-summary\\\/\",\"url\":\"https:\\\/\\\/capitalendeavorgroup.com\\\/consulting-types-summary\\\/\",\"name\":\"CAPITAL ENDEAVOR - Consulting Types Summary\",\"isPartOf\":{\"@id\":\"https:\\\/\\\/capitalendeavorgroup.com\\\/#website\"},\"datePublished\":\"2024-10-25T23:27:25+00:00\",\"dateModified\":\"2024-11-27T18:32:35+00:00\",\"breadcrumb\":{\"@id\":\"https:\\\/\\\/capitalendeavorgroup.com\\\/consulting-types-summary\\\/#breadcrumb\"},\"inLanguage\":\"es\",\"potentialAction\":[{\"@type\":\"ReadAction\",\"target\":[\"https:\\\/\\\/capitalendeavorgroup.com\\\/consulting-types-summary\\\/\"]}]},{\"@type\":\"BreadcrumbList\",\"@id\":\"https:\\\/\\\/capitalendeavorgroup.com\\\/consulting-types-summary\\\/#breadcrumb\",\"itemListElement\":[{\"@type\":\"ListItem\",\"position\":1,\"name\":\"Home\",\"item\":\"https:\\\/\\\/capitalendeavorgroup.com\\\/\"},{\"@type\":\"ListItem\",\"position\":2,\"name\":\"Consulting Types Summary\"}]},{\"@type\":\"WebSite\",\"@id\":\"https:\\\/\\\/capitalendeavorgroup.com\\\/#website\",\"url\":\"https:\\\/\\\/capitalendeavorgroup.com\\\/\",\"name\":\"\",\"description\":\"\",\"potentialAction\":[{\"@type\":\"SearchAction\",\"target\":{\"@type\":\"EntryPoint\",\"urlTemplate\":\"https:\\\/\\\/capitalendeavorgroup.com\\\/?s={search_term_string}\"},\"query-input\":{\"@type\":\"PropertyValueSpecification\",\"valueRequired\":true,\"valueName\":\"search_term_string\"}}],\"inLanguage\":\"es\"}]}<\/script>\n<!-- \/ Yoast SEO plugin. -->","yoast_head_json":{"title":"CAPITAL ENDEAVOR - Consulting Types Summary","robots":{"index":"index","follow":"follow","max-snippet":"max-snippet:-1","max-image-preview":"max-image-preview:large","max-video-preview":"max-video-preview:-1"},"canonical":"https:\/\/capitalendeavorgroup.com\/es\/consulting-types-summary\/","og_locale":"es_MX","og_type":"article","og_title":"CAPITAL ENDEAVOR - Consulting Types Summary","og_description":"Consulting types summary Consulting types summary The lines between consulting types can often blur, such as in business and management consulting, making their contrasts less pronounced. Consulting Cross-overs showcase the power of collaboration across fields, merging insights to drive innovative solutions. They represent the convergence of different consulting disciplines, where tools and objectives are shared [&hellip;]","og_url":"https:\/\/capitalendeavorgroup.com\/es\/consulting-types-summary\/","article_modified_time":"2024-11-27T18:32:35+00:00","twitter_card":"summary_large_image","twitter_misc":{"Tiempo de lectura":"2 minutos"},"schema":{"@context":"https:\/\/schema.org","@graph":[{"@type":"WebPage","@id":"https:\/\/capitalendeavorgroup.com\/consulting-types-summary\/","url":"https:\/\/capitalendeavorgroup.com\/consulting-types-summary\/","name":"CAPITAL ENDEAVOR - Consulting Types Summary","isPartOf":{"@id":"https:\/\/capitalendeavorgroup.com\/#website"},"datePublished":"2024-10-25T23:27:25+00:00","dateModified":"2024-11-27T18:32:35+00:00","breadcrumb":{"@id":"https:\/\/capitalendeavorgroup.com\/consulting-types-summary\/#breadcrumb"},"inLanguage":"es","potentialAction":[{"@type":"ReadAction","target":["https:\/\/capitalendeavorgroup.com\/consulting-types-summary\/"]}]},{"@type":"BreadcrumbList","@id":"https:\/\/capitalendeavorgroup.com\/consulting-types-summary\/#breadcrumb","itemListElement":[{"@type":"ListItem","position":1,"name":"Home","item":"https:\/\/capitalendeavorgroup.com\/"},{"@type":"ListItem","position":2,"name":"Consulting Types Summary"}]},{"@type":"WebSite","@id":"https:\/\/capitalendeavorgroup.com\/#website","url":"https:\/\/capitalendeavorgroup.com\/","name":"","description":"","potentialAction":[{"@type":"SearchAction","target":{"@type":"EntryPoint","urlTemplate":"https:\/\/capitalendeavorgroup.com\/?s={search_term_string}"},"query-input":{"@type":"PropertyValueSpecification","valueRequired":true,"valueName":"search_term_string"}}],"inLanguage":"es"}]}},"_links":{"self":[{"href":"https:\/\/capitalendeavorgroup.com\/es\/wp-json\/wp\/v2\/pages\/3328","targetHints":{"allow":["GET"]}}],"collection":[{"href":"https:\/\/capitalendeavorgroup.com\/es\/wp-json\/wp\/v2\/pages"}],"about":[{"href":"https:\/\/capitalendeavorgroup.com\/es\/wp-json\/wp\/v2\/types\/page"}],"author":[{"embeddable":true,"href":"https:\/\/capitalendeavorgroup.com\/es\/wp-json\/wp\/v2\/users\/1"}],"replies":[{"embeddable":true,"href":"https:\/\/capitalendeavorgroup.com\/es\/wp-json\/wp\/v2\/comments?post=3328"}],"version-history":[{"count":70,"href":"https:\/\/capitalendeavorgroup.com\/es\/wp-json\/wp\/v2\/pages\/3328\/revisions"}],"predecessor-version":[{"id":4571,"href":"https:\/\/capitalendeavorgroup.com\/es\/wp-json\/wp\/v2\/pages\/3328\/revisions\/4571"}],"wp:attachment":[{"href":"https:\/\/capitalendeavorgroup.com\/es\/wp-json\/wp\/v2\/media?parent=3328"}],"curies":[{"name":"wp","href":"https:\/\/api.w.org\/{rel}","templated":true}]}}