{"id":3115,"date":"2024-10-23T20:32:13","date_gmt":"2024-10-23T20:32:13","guid":{"rendered":"https:\/\/capitalendeavorgroup.com\/?page_id=3115"},"modified":"2024-12-17T20:11:27","modified_gmt":"2024-12-18T00:11:27","slug":"how-to-proceed","status":"publish","type":"page","link":"https:\/\/capitalendeavorgroup.com\/es\/how-to-proceed\/","title":{"rendered":"Como Proceder"},"content":{"rendered":"<div data-elementor-type=\"wp-page\" data-elementor-id=\"3115\" class=\"elementor elementor-3115\" data-elementor-post-type=\"page\">\n\t\t\t\t<div class=\"elementor-element elementor-element-60e0885 e-con-full e-flex e-con e-parent\" data-id=\"60e0885\" data-element_type=\"container\" data-e-type=\"container\">\n\t\t<div class=\"elementor-element elementor-element-a82e82b e-con-full e-flex e-con e-child\" data-id=\"a82e82b\" data-element_type=\"container\" data-e-type=\"container\">\n\t\t<div class=\"elementor-element elementor-element-58c4bb9 e-con-full e-flex e-con e-child\" data-id=\"58c4bb9\" data-element_type=\"container\" data-e-type=\"container\">\n\t\t\t\t<div class=\"elementor-element elementor-element-8d12262 elementor-widget__width-inherit elementor-hidden-mobile elementor-widget elementor-widget-elementskit-heading\" data-id=\"8d12262\" data-element_type=\"widget\" data-e-type=\"widget\" data-widget_type=\"elementskit-heading.default\">\n\t\t\t\t<div class=\"elementor-widget-container\">\n\t\t\t\t\t<div class=\"ekit-wid-con\" ><div class=\"ekit-heading elementskit-section-title-wraper text_left   ekit_heading_tablet-   ekit_heading_mobile-\"><h1 class=\"ekit-heading--title elementskit-section-title  ekit-heading__title-has-border start\">Como Proceder<\/h1><\/div><\/div>\t\t\t\t<\/div>\n\t\t\t\t<\/div>\n\t\t\t\t<div class=\"elementor-element elementor-element-87c7a2d elementor-widget__width-inherit elementor-widget-mobile__width-initial elementor-hidden-desktop elementor-hidden-tablet elementor-hidden-laptop elementor-widget elementor-widget-elementskit-heading\" data-id=\"87c7a2d\" data-element_type=\"widget\" data-e-type=\"widget\" data-widget_type=\"elementskit-heading.default\">\n\t\t\t\t<div class=\"elementor-widget-container\">\n\t\t\t\t\t<div class=\"ekit-wid-con\" ><div class=\"ekit-heading elementskit-section-title-wraper text_left   ekit_heading_tablet-   ekit_heading_mobile-\"><h1 class=\"ekit-heading--title elementskit-section-title\">Como Proceder<\/h1><\/div><\/div>\t\t\t\t<\/div>\n\t\t\t\t<\/div>\n\t\t\t\t<\/div>\n\t\t\t\t<\/div>\n\t\t<div class=\"elementor-element elementor-element-03467c0 e-con-full e-flex e-con e-child\" data-id=\"03467c0\" data-element_type=\"container\" data-e-type=\"container\">\n\t\t\t\t<div class=\"elementor-element elementor-element-6389d4c elementor-widget__width-inherit elementor-widget-laptop__width-inherit elementor-widget elementor-widget-text-editor\" data-id=\"6389d4c\" data-element_type=\"widget\" data-e-type=\"widget\" data-widget_type=\"text-editor.default\">\n\t\t\t\t<div class=\"elementor-widget-container\">\n\t\t\t\t\t\t\t\t\t<p>Aqu\u00ed est\u00e1n los pasos a seguir:<\/p>\t\t\t\t\t\t\t\t<\/div>\n\t\t\t\t<\/div>\n\t\t\t\t<\/div>\n\t\t<div class=\"elementor-element elementor-element-4333b5b e-con-full e-flex e-con e-child\" data-id=\"4333b5b\" data-element_type=\"container\" data-e-type=\"container\">\n\t\t<div class=\"elementor-element elementor-element-d095971 e-con-full e-flex e-con e-child\" data-id=\"d095971\" data-element_type=\"container\" data-e-type=\"container\">\n\t\t<div class=\"elementor-element elementor-element-bd24689 e-con-full e-flex e-con e-child\" data-id=\"bd24689\" data-element_type=\"container\" data-e-type=\"container\">\n\t\t\t\t<div class=\"elementor-element elementor-element-8faa3ab elementor-widget__width-inherit elementor-widget-laptop__width-inherit elementor-widget elementor-widget-text-editor\" data-id=\"8faa3ab\" data-element_type=\"widget\" data-e-type=\"widget\" data-widget_type=\"text-editor.default\">\n\t\t\t\t<div class=\"elementor-widget-container\">\n\t\t\t\t\t\t\t\t\t<h2 style=\"font-size: 2.2rem; color: white; font-family: 'Lato', sans-serif;\">1. Rellenar Informaci\u00f3n<\/h2><p>Complete su informaci\u00f3n en la p\u00e1gina de contacto para recibir de inmediato un correo electr\u00f3nico autom\u00e1tico con las opciones de paquetes de precios.<\/p>\t\t\t\t\t\t\t\t<\/div>\n\t\t\t\t<\/div>\n\t\t\t\t<div class=\"elementor-element elementor-element-89ab3df elementor-widget__width-inherit elementor-widget-laptop__width-inherit elementor-widget elementor-widget-text-editor\" data-id=\"89ab3df\" data-element_type=\"widget\" data-e-type=\"widget\" data-widget_type=\"text-editor.default\">\n\t\t\t\t<div class=\"elementor-widget-container\">\n\t\t\t\t\t\t\t\t\t<h2 style=\"font-size: 2.2rem; color: white; font-family: 'Lato', sans-serif;\">2. Recibir Cotizaci\u00f3n<\/h2><p>Recibe un correo electr\u00f3nico dentro de 1-2 minutos con un enlace a la p\u00e1gina que incluye los paquetes de retenci\u00f3n, con cuatro (4) opciones por hora y seis (6) opciones mensuales.<\/p>\t\t\t\t\t\t\t\t<\/div>\n\t\t\t\t<\/div>\n\t\t\t\t<div class=\"elementor-element elementor-element-a163264 elementor-widget__width-inherit elementor-widget-laptop__width-inherit elementor-widget elementor-widget-text-editor\" data-id=\"a163264\" data-element_type=\"widget\" data-e-type=\"widget\" data-widget_type=\"text-editor.default\">\n\t\t\t\t<div class=\"elementor-widget-container\">\n\t\t\t\t\t\t\t\t\t<h2 style=\"font-size: 2.2rem; color: white; font-family: 'Lato', sans-serif;\">3. Comprar la Retenci\u00f3n y\/o Solicitar M\u00e1s Informaci\u00f3n<\/h2><p>Proceda con confianza seleccionando uno de los paquetes y pagando la retenci\u00f3n, asegurado por nuestra <span style=\"color: #80bdff;\"><a style=\"color: #80bdff;\" href=\"https:\/\/capitalendeavorgroup.com\/es\/terms-and-conditions\/#money-back-guarantee\"><span style=\"text-decoration: underline;\"><strong>garant\u00eda de devoluci\u00f3n de dinero<\/strong><\/span><\/a><\/span>. Si necesita m\u00e1s detalles, no dude en solicitar informaci\u00f3n adicional por correo electr\u00f3nico.<\/p>\t\t\t\t\t\t\t\t<\/div>\n\t\t\t\t<\/div>\n\t\t\t\t<div class=\"elementor-element elementor-element-230b2c4 elementor-widget__width-inherit elementor-widget-laptop__width-inherit elementor-widget elementor-widget-text-editor\" data-id=\"230b2c4\" data-element_type=\"widget\" data-e-type=\"widget\" data-widget_type=\"text-editor.default\">\n\t\t\t\t<div class=\"elementor-widget-container\">\n\t\t\t\t\t\t\t\t\t<h2 style=\"font-size: 2.2rem; color: white; font-family: 'Lato', sans-serif;\">4. Correo Electr\u00f3nico de Confirmaci\u00f3n<\/h2><p>Al pagar la retenci\u00f3n, recibir\u00e1 un correo electr\u00f3nico de confirmaci\u00f3n con el recibo de la retenci\u00f3n. Una factura seguir\u00e1 una vez que se haya acumulado la facturaci\u00f3n por horas o mensual. Adem\u00e1s, le enviaremos un acuerdo de confidencialidad firmado dentro de 1-2 d\u00edas h\u00e1biles, garantizando la privacidad de cualquier informaci\u00f3n compartida durante las sesiones, ya sea para un individuo o una empresa. Despu\u00e9s del compromiso, podr\u00e1 solicitar la biograf\u00eda del consultor, incluida una foto.<\/p>\t\t\t\t\t\t\t\t<\/div>\n\t\t\t\t<\/div>\n\t\t\t\t<div class=\"elementor-element elementor-element-052c650 elementor-widget__width-inherit elementor-widget-laptop__width-inherit elementor-widget elementor-widget-text-editor\" data-id=\"052c650\" data-element_type=\"widget\" data-e-type=\"widget\" data-widget_type=\"text-editor.default\">\n\t\t\t\t<div class=\"elementor-widget-container\">\n\t\t\t\t\t\t\t\t\t<h2 style=\"font-size: 2.2rem; color: white; font-family: 'Lato', sans-serif;\">5. Programar Su Sesi\u00f3n<\/h2><p>Programe su primera sesi\u00f3n gratuita de una hora, o 30 minutos en ciertos casos. Al pagar la retenci\u00f3n, se le pedir\u00e1 que proporcione 3-4 franjas horarias ideales. Confirmaremos la hora de su sesi\u00f3n dentro de 1-2 d\u00edas h\u00e1biles despu\u00e9s de la compra de la retenci\u00f3n. Si las horas solicitadas no est\u00e1n disponibles, le enviaremos un enlace al calendario para reservar una franja horaria disponible de su elecci\u00f3n. La primera sesi\u00f3n de una hora, o 30 minutos en ciertos casos, se realiza generalmente por tel\u00e9fono (llamada de voz), a menos que el cliente prefiera o requiera video.<\/p>\t\t\t\t\t\t\t\t<\/div>\n\t\t\t\t<\/div>\n\t\t\t\t<div class=\"elementor-element elementor-element-901fd27 elementor-widget__width-inherit elementor-widget-laptop__width-inherit elementor-widget elementor-widget-text-editor\" data-id=\"901fd27\" data-element_type=\"widget\" data-e-type=\"widget\" data-widget_type=\"text-editor.default\">\n\t\t\t\t<div class=\"elementor-widget-container\">\n\t\t\t\t\t\t\t\t\t<h2 style=\"font-size: 2.2rem; color: white; font-family: 'Lato', sans-serif;\">6. Decidir Continuar<\/h2><p>Despu\u00e9s de la primera sesi\u00f3n, podr\u00e1 decidir si continuar. Si elige proceder, programaremos las sesiones futuras. Si no, puede ejercer la garant\u00eda de devoluci\u00f3n de dinero y recibir un reembolso completo, sin cargo por la primera sesi\u00f3n ya que sea de una hora 30 minutos en ciertos casos. En los paquetes con m\u00e1s de una sesi\u00f3n complementarias, la garant\u00eda de devoluci\u00f3n de dinero se ejecutar\u00e1 despu\u00e9s de la primera sesi\u00f3n complementaria y no aplicar\u00e1 posteriormente.<\/p>\t\t\t\t\t\t\t\t<\/div>\n\t\t\t\t<\/div>\n\t\t\t\t<div class=\"elementor-element elementor-element-e28e35c elementor-widget__width-inherit elementor-widget-laptop__width-inherit elementor-widget elementor-widget-text-editor\" data-id=\"e28e35c\" data-element_type=\"widget\" data-e-type=\"widget\" data-widget_type=\"text-editor.default\">\n\t\t\t\t<div class=\"elementor-widget-container\">\n\t\t\t\t\t\t\t\t\t<h2 style=\"font-size: 2.2rem; color: white; font-family: 'Lato', sans-serif;\">7. Tarifa<\/h2><p>La tarifa por hora se deducir\u00e1 de la retenci\u00f3n prepagada para los paquetes por hora. Para los paquetes mensuales, la retenci\u00f3n cubre el primer y el \u00faltimo mes. En caso de que el contrato mensual se cancele de manera anticipada, ya sea de forma voluntaria o por falta de pago, la retenci\u00f3n del \u00faltimo mes servir\u00e1 como penalizaci\u00f3n, con la excepci\u00f3n de los paquetes mensuales 4, 5 y 6, que ofrecen el estatus de super cliente y la tarifa de penalizaci\u00f3n por cancelaci\u00f3n anticipada se reduce en un 50%, siendo la penalizaci\u00f3n en estos casos el 50% del dep\u00f3sito del \u00faltimo mes. Una vez que se haya utilizado por completo la retenci\u00f3n, podr\u00e1 elegir renovar uno de los paquetes disponibles o negociar un paquete personalizado adaptado a sus necesidades. Estos paquetes se aplican a cualquiera de los servicios que ofrecemos o a una combinaci\u00f3n de ellos.<\/p>\t\t\t\t\t\t\t\t<\/div>\n\t\t\t\t<\/div>\n\t\t\t\t<div class=\"elementor-element elementor-element-34446f3 elementor-widget__width-inherit elementor-widget-laptop__width-inherit elementor-widget elementor-widget-text-editor\" data-id=\"34446f3\" data-element_type=\"widget\" data-e-type=\"widget\" data-widget_type=\"text-editor.default\">\n\t\t\t\t<div class=\"elementor-widget-container\">\n\t\t\t\t\t\t\t\t\t<h2 style=\"font-size: 2.2rem; color: white; font-family: 'Lato', sans-serif;\">8. Reposici\u00f3n de la Retenci\u00f3n<\/h2><p>La retenci\u00f3n puede reponerse una vez que se haya agotado, o pueden negociarse paquetes m\u00e1s grandes para asegurar bloques de tiempo futuros y reservar franjas horarias preferidas en el calendario.<\/p>\t\t\t\t\t\t\t\t<\/div>\n\t\t\t\t<\/div>\n\t\t\t\t<div class=\"elementor-element elementor-element-987fa88 elementor-widget__width-inherit elementor-widget-laptop__width-inherit elementor-widget elementor-widget-text-editor\" data-id=\"987fa88\" data-element_type=\"widget\" data-e-type=\"widget\" data-widget_type=\"text-editor.default\">\n\t\t\t\t<div class=\"elementor-widget-container\">\n\t\t\t\t\t\t\t\t\t<h2 style=\"font-size: 2.2rem; color: white; font-family: 'Lato', sans-serif;\">9. Disponibilidad<\/h2><p>Si el sitio web no permite la compra de la retenci\u00f3n, significa que no hay disponibilidad en ese momento, ya que nuestros servicios son exclusivos y limitados. En ese caso, ser\u00e1 colocado autom\u00e1ticamente en la lista de espera.<\/p>\t\t\t\t\t\t\t\t<\/div>\n\t\t\t\t<\/div>\n\t\t\t\t<div class=\"elementor-element elementor-element-d9fd72c elementor-widget__width-inherit elementor-widget-laptop__width-inherit elementor-widget elementor-widget-text-editor\" data-id=\"d9fd72c\" data-element_type=\"widget\" data-e-type=\"widget\" data-widget_type=\"text-editor.default\">\n\t\t\t\t<div class=\"elementor-widget-container\">\n\t\t\t\t\t\t\t\t\t<h2 style=\"font-size: 2.2rem; color: white; font-family: 'Lato', sans-serif;\">10. Confidencialidad<\/h2><p>Nuestra pol\u00edtica est\u00e1 dedicada a garantizar una estricta privacidad y confidencialidad. No compartimos, usamos como referencia, proporcionamos referencias ni divulgamos la informaci\u00f3n de nuestros clientes en ning\u00fan momento, excepto cuando sea requerido por la ley mediante una orden judicial o para instituciones financieras.<\/p>\t\t\t\t\t\t\t\t<\/div>\n\t\t\t\t<\/div>\n\t\t\t\t<\/div>\n\t\t\t\t<\/div>\n\t\t\t\t<\/div>\n\t\t\t\t<\/div>\n\t\t\t\t<\/div>","protected":false},"excerpt":{"rendered":"<p>How to Proceed How to Proceed These are the steps: 1. Fill Out Information Complete your information on the contact page to immediately receive an automatic email with pricing package options. 2. Receive Quotation Receive an email within 1-2 minutes containing a link to the page with retainer packages, including four (4) hourly options and [&hellip;]<\/p>","protected":false},"author":1,"featured_media":0,"parent":0,"menu_order":0,"comment_status":"closed","ping_status":"closed","template":"","meta":{"footnotes":""},"class_list":["post-3115","page","type-page","status-publish","hentry"],"blocksy_meta":[],"yoast_head":"<!-- This site is optimized with the Yoast SEO plugin v27.4 - https:\/\/yoast.com\/product\/yoast-seo-wordpress\/ -->\n<title>CAPITAL ENDEAVOR - How to Proceed<\/title>\n<meta name=\"robots\" content=\"index, follow, max-snippet:-1, max-image-preview:large, max-video-preview:-1\" \/>\n<link rel=\"canonical\" href=\"https:\/\/capitalendeavorgroup.com\/es\/how-to-proceed\/\" \/>\n<meta property=\"og:locale\" content=\"es_MX\" \/>\n<meta property=\"og:type\" content=\"article\" \/>\n<meta property=\"og:title\" content=\"CAPITAL ENDEAVOR - How to Proceed\" \/>\n<meta property=\"og:description\" content=\"How to Proceed How to Proceed These are the steps: 1. Fill Out Information Complete your information on the contact page to immediately receive an automatic email with pricing package options. 2. Receive Quotation Receive an email within 1-2 minutes containing a link to the page with retainer packages, including four (4) hourly options and [&hellip;]\" \/>\n<meta property=\"og:url\" content=\"https:\/\/capitalendeavorgroup.com\/es\/how-to-proceed\/\" \/>\n<meta property=\"article:modified_time\" content=\"2024-12-18T00:11:27+00:00\" \/>\n<meta name=\"twitter:card\" content=\"summary_large_image\" \/>\n<meta name=\"twitter:label1\" content=\"Tiempo de lectura\" \/>\n\t<meta name=\"twitter:data1\" content=\"3 minutos\" \/>\n<script type=\"application\/ld+json\" class=\"yoast-schema-graph\">{\"@context\":\"https:\\\/\\\/schema.org\",\"@graph\":[{\"@type\":\"WebPage\",\"@id\":\"https:\\\/\\\/capitalendeavorgroup.com\\\/how-to-proceed\\\/\",\"url\":\"https:\\\/\\\/capitalendeavorgroup.com\\\/how-to-proceed\\\/\",\"name\":\"CAPITAL ENDEAVOR - How to Proceed\",\"isPartOf\":{\"@id\":\"https:\\\/\\\/capitalendeavorgroup.com\\\/#website\"},\"datePublished\":\"2024-10-23T20:32:13+00:00\",\"dateModified\":\"2024-12-18T00:11:27+00:00\",\"breadcrumb\":{\"@id\":\"https:\\\/\\\/capitalendeavorgroup.com\\\/how-to-proceed\\\/#breadcrumb\"},\"inLanguage\":\"es\",\"potentialAction\":[{\"@type\":\"ReadAction\",\"target\":[\"https:\\\/\\\/capitalendeavorgroup.com\\\/how-to-proceed\\\/\"]}]},{\"@type\":\"BreadcrumbList\",\"@id\":\"https:\\\/\\\/capitalendeavorgroup.com\\\/how-to-proceed\\\/#breadcrumb\",\"itemListElement\":[{\"@type\":\"ListItem\",\"position\":1,\"name\":\"Home\",\"item\":\"https:\\\/\\\/capitalendeavorgroup.com\\\/\"},{\"@type\":\"ListItem\",\"position\":2,\"name\":\"How to Proceed\"}]},{\"@type\":\"WebSite\",\"@id\":\"https:\\\/\\\/capitalendeavorgroup.com\\\/#website\",\"url\":\"https:\\\/\\\/capitalendeavorgroup.com\\\/\",\"name\":\"\",\"description\":\"\",\"potentialAction\":[{\"@type\":\"SearchAction\",\"target\":{\"@type\":\"EntryPoint\",\"urlTemplate\":\"https:\\\/\\\/capitalendeavorgroup.com\\\/?s={search_term_string}\"},\"query-input\":{\"@type\":\"PropertyValueSpecification\",\"valueRequired\":true,\"valueName\":\"search_term_string\"}}],\"inLanguage\":\"es\"}]}<\/script>\n<!-- \/ Yoast SEO plugin. -->","yoast_head_json":{"title":"CAPITAL ENDEAVOR - How to Proceed","robots":{"index":"index","follow":"follow","max-snippet":"max-snippet:-1","max-image-preview":"max-image-preview:large","max-video-preview":"max-video-preview:-1"},"canonical":"https:\/\/capitalendeavorgroup.com\/es\/how-to-proceed\/","og_locale":"es_MX","og_type":"article","og_title":"CAPITAL ENDEAVOR - How to Proceed","og_description":"How to Proceed How to Proceed These are the steps: 1. Fill Out Information Complete your information on the contact page to immediately receive an automatic email with pricing package options. 2. Receive Quotation Receive an email within 1-2 minutes containing a link to the page with retainer packages, including four (4) hourly options and [&hellip;]","og_url":"https:\/\/capitalendeavorgroup.com\/es\/how-to-proceed\/","article_modified_time":"2024-12-18T00:11:27+00:00","twitter_card":"summary_large_image","twitter_misc":{"Tiempo de lectura":"3 minutos"},"schema":{"@context":"https:\/\/schema.org","@graph":[{"@type":"WebPage","@id":"https:\/\/capitalendeavorgroup.com\/how-to-proceed\/","url":"https:\/\/capitalendeavorgroup.com\/how-to-proceed\/","name":"CAPITAL ENDEAVOR - How to Proceed","isPartOf":{"@id":"https:\/\/capitalendeavorgroup.com\/#website"},"datePublished":"2024-10-23T20:32:13+00:00","dateModified":"2024-12-18T00:11:27+00:00","breadcrumb":{"@id":"https:\/\/capitalendeavorgroup.com\/how-to-proceed\/#breadcrumb"},"inLanguage":"es","potentialAction":[{"@type":"ReadAction","target":["https:\/\/capitalendeavorgroup.com\/how-to-proceed\/"]}]},{"@type":"BreadcrumbList","@id":"https:\/\/capitalendeavorgroup.com\/how-to-proceed\/#breadcrumb","itemListElement":[{"@type":"ListItem","position":1,"name":"Home","item":"https:\/\/capitalendeavorgroup.com\/"},{"@type":"ListItem","position":2,"name":"How to Proceed"}]},{"@type":"WebSite","@id":"https:\/\/capitalendeavorgroup.com\/#website","url":"https:\/\/capitalendeavorgroup.com\/","name":"","description":"","potentialAction":[{"@type":"SearchAction","target":{"@type":"EntryPoint","urlTemplate":"https:\/\/capitalendeavorgroup.com\/?s={search_term_string}"},"query-input":{"@type":"PropertyValueSpecification","valueRequired":true,"valueName":"search_term_string"}}],"inLanguage":"es"}]}},"_links":{"self":[{"href":"https:\/\/capitalendeavorgroup.com\/es\/wp-json\/wp\/v2\/pages\/3115","targetHints":{"allow":["GET"]}}],"collection":[{"href":"https:\/\/capitalendeavorgroup.com\/es\/wp-json\/wp\/v2\/pages"}],"about":[{"href":"https:\/\/capitalendeavorgroup.com\/es\/wp-json\/wp\/v2\/types\/page"}],"author":[{"embeddable":true,"href":"https:\/\/capitalendeavorgroup.com\/es\/wp-json\/wp\/v2\/users\/1"}],"replies":[{"embeddable":true,"href":"https:\/\/capitalendeavorgroup.com\/es\/wp-json\/wp\/v2\/comments?post=3115"}],"version-history":[{"count":58,"href":"https:\/\/capitalendeavorgroup.com\/es\/wp-json\/wp\/v2\/pages\/3115\/revisions"}],"predecessor-version":[{"id":4981,"href":"https:\/\/capitalendeavorgroup.com\/es\/wp-json\/wp\/v2\/pages\/3115\/revisions\/4981"}],"wp:attachment":[{"href":"https:\/\/capitalendeavorgroup.com\/es\/wp-json\/wp\/v2\/media?parent=3115"}],"curies":[{"name":"wp","href":"https:\/\/api.w.org\/{rel}","templated":true}]}}